{"id":1839,"date":"2023-03-28T15:19:37","date_gmt":"2023-03-28T13:19:37","guid":{"rendered":"https:\/\/panistar.poush-dev.be\/produit\/appelflap\/"},"modified":"2023-03-28T15:41:06","modified_gmt":"2023-03-28T13:41:06","slug":"appelflap","status":"publish","type":"product","link":"https:\/\/www.panistar.com\/nl\/produit\/appelflap\/","title":{"rendered":"Appelflap"},"content":{"rendered":"","protected":false},"excerpt":{"rendered":"<p>Een bladerdeeggebakje gevuld met appelcompote.<\/p>\n","protected":false},"featured_media":1733,"template":"","meta":{"_et_pb_use_builder":"","_et_pb_old_content":"","_et_gb_content_width":""},"product_brand":[],"product_cat":[69,80,83,63],"product_tag":[],"class_list":{"0":"post-1839","1":"product","2":"type-product","3":"status-publish","4":"has-post-thumbnail","6":"product_cat-flappen-driehoeken","7":"product_cat-gammas","8":"product_cat-margarine-nl","9":"product_cat-viennoiseries-nl","11":"first","12":"instock","13":"product-type-simple"},"yoast_head":"<!-- This site is optimized with the Yoast SEO plugin v26.8 - https:\/\/yoast.com\/product\/yoast-seo-wordpress\/ -->\n<title>Appelflap - Panistar<\/title>\n<meta name=\"robots\" content=\"index, follow, max-snippet:-1, max-image-preview:large, max-video-preview:-1\" \/>\n<link rel=\"canonical\" href=\"https:\/\/www.panistar.com\/nl\/produit\/appelflap\/\" \/>\n<meta property=\"og:locale\" content=\"nl_BE\" \/>\n<meta property=\"og:type\" content=\"article\" \/>\n<meta property=\"og:title\" content=\"Appelflap - Panistar\" \/>\n<meta property=\"og:description\" content=\"Een bladerdeeggebakje gevuld met appelcompote.\" \/>\n<meta property=\"og:url\" content=\"https:\/\/www.panistar.com\/nl\/produit\/appelflap\/\" \/>\n<meta property=\"og:site_name\" content=\"Panistar\" \/>\n<meta property=\"article:modified_time\" content=\"2023-03-28T13:41:06+00:00\" \/>\n<meta property=\"og:image\" content=\"https:\/\/www.panistar.com\/wp-content\/uploads\/2023\/03\/101-gosette-pomme-2-scaled.jpg\" \/>\n\t<meta property=\"og:image:width\" content=\"2560\" \/>\n\t<meta property=\"og:image:height\" content=\"1707\" \/>\n\t<meta property=\"og:image:type\" content=\"image\/jpeg\" \/>\n<meta name=\"twitter:card\" content=\"summary_large_image\" \/>\n<script type=\"application\/ld+json\" class=\"yoast-schema-graph\">{\"@context\":\"https:\/\/schema.org\",\"@graph\":[{\"@type\":\"WebPage\",\"@id\":\"https:\/\/www.panistar.com\/nl\/produit\/appelflap\/\",\"url\":\"https:\/\/www.panistar.com\/nl\/produit\/appelflap\/\",\"name\":\"Appelflap - Panistar\",\"isPartOf\":{\"@id\":\"https:\/\/www.panistar.com\/nl\/#website\"},\"primaryImageOfPage\":{\"@id\":\"https:\/\/www.panistar.com\/nl\/produit\/appelflap\/#primaryimage\"},\"image\":{\"@id\":\"https:\/\/www.panistar.com\/nl\/produit\/appelflap\/#primaryimage\"},\"thumbnailUrl\":\"https:\/\/www.panistar.com\/wp-content\/uploads\/2023\/03\/101-gosette-pomme-2-scaled.jpg\",\"datePublished\":\"2023-03-28T13:19:37+00:00\",\"dateModified\":\"2023-03-28T13:41:06+00:00\",\"breadcrumb\":{\"@id\":\"https:\/\/www.panistar.com\/nl\/produit\/appelflap\/#breadcrumb\"},\"inLanguage\":\"nl-BE\",\"potentialAction\":[{\"@type\":\"ReadAction\",\"target\":[\"https:\/\/www.panistar.com\/nl\/produit\/appelflap\/\"]}]},{\"@type\":\"ImageObject\",\"inLanguage\":\"nl-BE\",\"@id\":\"https:\/\/www.panistar.com\/nl\/produit\/appelflap\/#primaryimage\",\"url\":\"https:\/\/www.panistar.com\/wp-content\/uploads\/2023\/03\/101-gosette-pomme-2-scaled.jpg\",\"contentUrl\":\"https:\/\/www.panistar.com\/wp-content\/uploads\/2023\/03\/101-gosette-pomme-2-scaled.jpg\",\"width\":2560,\"height\":1707,\"caption\":\"Gosette pomme, une p\u00e2tisserie feuillet\u00e9e fourr\u00e9e aux pommes fondantes, parfaite pour accompagner votre caf\u00e9 ou votre th\u00e9.\"},{\"@type\":\"BreadcrumbList\",\"@id\":\"https:\/\/www.panistar.com\/nl\/produit\/appelflap\/#breadcrumb\",\"itemListElement\":[{\"@type\":\"ListItem\",\"position\":1,\"name\":\"Accueil\",\"item\":\"https:\/\/www.panistar.com\/nl\/\"},{\"@type\":\"ListItem\",\"position\":2,\"name\":\"Onze producten\",\"item\":\"https:\/\/www.panistar.com\/nl\/onze-producten\/\"},{\"@type\":\"ListItem\",\"position\":3,\"name\":\"Appelflap\"}]},{\"@type\":\"WebSite\",\"@id\":\"https:\/\/www.panistar.com\/nl\/#website\",\"url\":\"https:\/\/www.panistar.com\/nl\/\",\"name\":\"Panistar\",\"description\":\"\",\"potentialAction\":[{\"@type\":\"SearchAction\",\"target\":{\"@type\":\"EntryPoint\",\"urlTemplate\":\"https:\/\/www.panistar.com\/nl\/?s={search_term_string}\"},\"query-input\":{\"@type\":\"PropertyValueSpecification\",\"valueRequired\":true,\"valueName\":\"search_term_string\"}}],\"inLanguage\":\"nl-BE\"}]}<\/script>\n<!-- \/ Yoast SEO plugin. -->","yoast_head_json":{"title":"Appelflap - Panistar","robots":{"index":"index","follow":"follow","max-snippet":"max-snippet:-1","max-image-preview":"max-image-preview:large","max-video-preview":"max-video-preview:-1"},"canonical":"https:\/\/www.panistar.com\/nl\/produit\/appelflap\/","og_locale":"nl_BE","og_type":"article","og_title":"Appelflap - Panistar","og_description":"Een bladerdeeggebakje gevuld met appelcompote.","og_url":"https:\/\/www.panistar.com\/nl\/produit\/appelflap\/","og_site_name":"Panistar","article_modified_time":"2023-03-28T13:41:06+00:00","og_image":[{"width":2560,"height":1707,"url":"https:\/\/www.panistar.com\/wp-content\/uploads\/2023\/03\/101-gosette-pomme-2-scaled.jpg","type":"image\/jpeg"}],"twitter_card":"summary_large_image","schema":{"@context":"https:\/\/schema.org","@graph":[{"@type":"WebPage","@id":"https:\/\/www.panistar.com\/nl\/produit\/appelflap\/","url":"https:\/\/www.panistar.com\/nl\/produit\/appelflap\/","name":"Appelflap - Panistar","isPartOf":{"@id":"https:\/\/www.panistar.com\/nl\/#website"},"primaryImageOfPage":{"@id":"https:\/\/www.panistar.com\/nl\/produit\/appelflap\/#primaryimage"},"image":{"@id":"https:\/\/www.panistar.com\/nl\/produit\/appelflap\/#primaryimage"},"thumbnailUrl":"https:\/\/www.panistar.com\/wp-content\/uploads\/2023\/03\/101-gosette-pomme-2-scaled.jpg","datePublished":"2023-03-28T13:19:37+00:00","dateModified":"2023-03-28T13:41:06+00:00","breadcrumb":{"@id":"https:\/\/www.panistar.com\/nl\/produit\/appelflap\/#breadcrumb"},"inLanguage":"nl-BE","potentialAction":[{"@type":"ReadAction","target":["https:\/\/www.panistar.com\/nl\/produit\/appelflap\/"]}]},{"@type":"ImageObject","inLanguage":"nl-BE","@id":"https:\/\/www.panistar.com\/nl\/produit\/appelflap\/#primaryimage","url":"https:\/\/www.panistar.com\/wp-content\/uploads\/2023\/03\/101-gosette-pomme-2-scaled.jpg","contentUrl":"https:\/\/www.panistar.com\/wp-content\/uploads\/2023\/03\/101-gosette-pomme-2-scaled.jpg","width":2560,"height":1707,"caption":"Gosette pomme, une p\u00e2tisserie feuillet\u00e9e fourr\u00e9e aux pommes fondantes, parfaite pour accompagner votre caf\u00e9 ou votre th\u00e9."},{"@type":"BreadcrumbList","@id":"https:\/\/www.panistar.com\/nl\/produit\/appelflap\/#breadcrumb","itemListElement":[{"@type":"ListItem","position":1,"name":"Accueil","item":"https:\/\/www.panistar.com\/nl\/"},{"@type":"ListItem","position":2,"name":"Onze producten","item":"https:\/\/www.panistar.com\/nl\/onze-producten\/"},{"@type":"ListItem","position":3,"name":"Appelflap"}]},{"@type":"WebSite","@id":"https:\/\/www.panistar.com\/nl\/#website","url":"https:\/\/www.panistar.com\/nl\/","name":"Panistar","description":"","potentialAction":[{"@type":"SearchAction","target":{"@type":"EntryPoint","urlTemplate":"https:\/\/www.panistar.com\/nl\/?s={search_term_string}"},"query-input":{"@type":"PropertyValueSpecification","valueRequired":true,"valueName":"search_term_string"}}],"inLanguage":"nl-BE"}]}},"_links":{"self":[{"href":"https:\/\/www.panistar.com\/nl\/wp-json\/wp\/v2\/product\/1839","targetHints":{"allow":["GET"]}}],"collection":[{"href":"https:\/\/www.panistar.com\/nl\/wp-json\/wp\/v2\/product"}],"about":[{"href":"https:\/\/www.panistar.com\/nl\/wp-json\/wp\/v2\/types\/product"}],"wp:featuredmedia":[{"embeddable":true,"href":"https:\/\/www.panistar.com\/nl\/wp-json\/wp\/v2\/media\/1733"}],"wp:attachment":[{"href":"https:\/\/www.panistar.com\/nl\/wp-json\/wp\/v2\/media?parent=1839"}],"wp:term":[{"taxonomy":"product_brand","embeddable":true,"href":"https:\/\/www.panistar.com\/nl\/wp-json\/wp\/v2\/product_brand?post=1839"},{"taxonomy":"product_cat","embeddable":true,"href":"https:\/\/www.panistar.com\/nl\/wp-json\/wp\/v2\/product_cat?post=1839"},{"taxonomy":"product_tag","embeddable":true,"href":"https:\/\/www.panistar.com\/nl\/wp-json\/wp\/v2\/product_tag?post=1839"}],"curies":[{"name":"wp","href":"https:\/\/api.w.org\/{rel}","templated":true}]}}