{"id":1867,"date":"2023-03-28T15:29:50","date_gmt":"2023-03-28T13:29:50","guid":{"rendered":"https:\/\/panistar.poush-dev.be\/produit\/suiker-torsade-vgr\/"},"modified":"2023-03-28T15:42:38","modified_gmt":"2023-03-28T13:42:38","slug":"suiker-torsade-vgr","status":"publish","type":"product","link":"https:\/\/www.panistar.com\/nl\/produit\/suiker-torsade-vgr\/","title":{"rendered":"Suiker torsade VGR"},"content":{"rendered":"","protected":false},"excerpt":{"rendered":"<p>Boterbladerdeeggebak in de vorm van een gedraaide spiraal bedekt met suiker. Klaar om te bakken.<\/p>\n","protected":false},"featured_media":1693,"template":"","meta":{"_et_pb_use_builder":"","_et_pb_old_content":"","_et_gb_content_width":""},"product_brand":[],"product_cat":[81,80,68,63,73],"product_tag":[],"class_list":{"0":"post-1867","1":"product","2":"type-product","3":"status-publish","4":"has-post-thumbnail","6":"product_cat-boter-gamma","7":"product_cat-gammas","8":"product_cat-torsades","9":"product_cat-viennoiseries-nl","10":"product_cat-viennoiseries-vgr","12":"first","13":"instock","14":"product-type-simple"},"yoast_head":"<!-- This site is optimized with the Yoast SEO plugin v26.8 - https:\/\/yoast.com\/product\/yoast-seo-wordpress\/ -->\n<title>Suiker torsade VGR - Panistar<\/title>\n<meta name=\"robots\" content=\"index, follow, max-snippet:-1, max-image-preview:large, max-video-preview:-1\" \/>\n<link rel=\"canonical\" href=\"https:\/\/www.panistar.com\/nl\/produit\/suiker-torsade-vgr\/\" \/>\n<meta property=\"og:locale\" content=\"nl_BE\" \/>\n<meta property=\"og:type\" content=\"article\" \/>\n<meta property=\"og:title\" content=\"Suiker torsade VGR - Panistar\" \/>\n<meta property=\"og:description\" content=\"Boterbladerdeeggebak in de vorm van een gedraaide spiraal bedekt met suiker. Klaar om te bakken.\" \/>\n<meta property=\"og:url\" content=\"https:\/\/www.panistar.com\/nl\/produit\/suiker-torsade-vgr\/\" \/>\n<meta property=\"og:site_name\" content=\"Panistar\" \/>\n<meta property=\"article:modified_time\" content=\"2023-03-28T13:42:38+00:00\" \/>\n<meta property=\"og:image\" content=\"https:\/\/www.panistar.com\/wp-content\/uploads\/2023\/03\/035-tortillon-sucre-beurre-scaled.jpg\" \/>\n\t<meta property=\"og:image:width\" content=\"2560\" \/>\n\t<meta property=\"og:image:height\" content=\"1707\" \/>\n\t<meta property=\"og:image:type\" content=\"image\/jpeg\" \/>\n<meta name=\"twitter:card\" content=\"summary_large_image\" \/>\n<script type=\"application\/ld+json\" class=\"yoast-schema-graph\">{\"@context\":\"https:\/\/schema.org\",\"@graph\":[{\"@type\":\"WebPage\",\"@id\":\"https:\/\/www.panistar.com\/nl\/produit\/suiker-torsade-vgr\/\",\"url\":\"https:\/\/www.panistar.com\/nl\/produit\/suiker-torsade-vgr\/\",\"name\":\"Suiker torsade VGR - Panistar\",\"isPartOf\":{\"@id\":\"https:\/\/www.panistar.com\/nl\/#website\"},\"primaryImageOfPage\":{\"@id\":\"https:\/\/www.panistar.com\/nl\/produit\/suiker-torsade-vgr\/#primaryimage\"},\"image\":{\"@id\":\"https:\/\/www.panistar.com\/nl\/produit\/suiker-torsade-vgr\/#primaryimage\"},\"thumbnailUrl\":\"https:\/\/www.panistar.com\/wp-content\/uploads\/2023\/03\/035-tortillon-sucre-beurre-scaled.jpg\",\"datePublished\":\"2023-03-28T13:29:50+00:00\",\"dateModified\":\"2023-03-28T13:42:38+00:00\",\"breadcrumb\":{\"@id\":\"https:\/\/www.panistar.com\/nl\/produit\/suiker-torsade-vgr\/#breadcrumb\"},\"inLanguage\":\"nl-BE\",\"potentialAction\":[{\"@type\":\"ReadAction\",\"target\":[\"https:\/\/www.panistar.com\/nl\/produit\/suiker-torsade-vgr\/\"]}]},{\"@type\":\"ImageObject\",\"inLanguage\":\"nl-BE\",\"@id\":\"https:\/\/www.panistar.com\/nl\/produit\/suiker-torsade-vgr\/#primaryimage\",\"url\":\"https:\/\/www.panistar.com\/wp-content\/uploads\/2023\/03\/035-tortillon-sucre-beurre-scaled.jpg\",\"contentUrl\":\"https:\/\/www.panistar.com\/wp-content\/uploads\/2023\/03\/035-tortillon-sucre-beurre-scaled.jpg\",\"width\":2560,\"height\":1707,\"caption\":\"Tortillon sucre beurre, une p\u00e2tisserie croustillante et fondante au sucre et au beurre, id\u00e9ale pour accompagner votre caf\u00e9 ou votre th\u00e9.\"},{\"@type\":\"BreadcrumbList\",\"@id\":\"https:\/\/www.panistar.com\/nl\/produit\/suiker-torsade-vgr\/#breadcrumb\",\"itemListElement\":[{\"@type\":\"ListItem\",\"position\":1,\"name\":\"Accueil\",\"item\":\"https:\/\/www.panistar.com\/nl\/\"},{\"@type\":\"ListItem\",\"position\":2,\"name\":\"Onze producten\",\"item\":\"https:\/\/www.panistar.com\/nl\/onze-producten\/\"},{\"@type\":\"ListItem\",\"position\":3,\"name\":\"Suiker torsade VGR\"}]},{\"@type\":\"WebSite\",\"@id\":\"https:\/\/www.panistar.com\/nl\/#website\",\"url\":\"https:\/\/www.panistar.com\/nl\/\",\"name\":\"Panistar\",\"description\":\"\",\"potentialAction\":[{\"@type\":\"SearchAction\",\"target\":{\"@type\":\"EntryPoint\",\"urlTemplate\":\"https:\/\/www.panistar.com\/nl\/?s={search_term_string}\"},\"query-input\":{\"@type\":\"PropertyValueSpecification\",\"valueRequired\":true,\"valueName\":\"search_term_string\"}}],\"inLanguage\":\"nl-BE\"}]}<\/script>\n<!-- \/ Yoast SEO plugin. -->","yoast_head_json":{"title":"Suiker torsade VGR - Panistar","robots":{"index":"index","follow":"follow","max-snippet":"max-snippet:-1","max-image-preview":"max-image-preview:large","max-video-preview":"max-video-preview:-1"},"canonical":"https:\/\/www.panistar.com\/nl\/produit\/suiker-torsade-vgr\/","og_locale":"nl_BE","og_type":"article","og_title":"Suiker torsade VGR - Panistar","og_description":"Boterbladerdeeggebak in de vorm van een gedraaide spiraal bedekt met suiker. Klaar om te bakken.","og_url":"https:\/\/www.panistar.com\/nl\/produit\/suiker-torsade-vgr\/","og_site_name":"Panistar","article_modified_time":"2023-03-28T13:42:38+00:00","og_image":[{"width":2560,"height":1707,"url":"https:\/\/www.panistar.com\/wp-content\/uploads\/2023\/03\/035-tortillon-sucre-beurre-scaled.jpg","type":"image\/jpeg"}],"twitter_card":"summary_large_image","schema":{"@context":"https:\/\/schema.org","@graph":[{"@type":"WebPage","@id":"https:\/\/www.panistar.com\/nl\/produit\/suiker-torsade-vgr\/","url":"https:\/\/www.panistar.com\/nl\/produit\/suiker-torsade-vgr\/","name":"Suiker torsade VGR - Panistar","isPartOf":{"@id":"https:\/\/www.panistar.com\/nl\/#website"},"primaryImageOfPage":{"@id":"https:\/\/www.panistar.com\/nl\/produit\/suiker-torsade-vgr\/#primaryimage"},"image":{"@id":"https:\/\/www.panistar.com\/nl\/produit\/suiker-torsade-vgr\/#primaryimage"},"thumbnailUrl":"https:\/\/www.panistar.com\/wp-content\/uploads\/2023\/03\/035-tortillon-sucre-beurre-scaled.jpg","datePublished":"2023-03-28T13:29:50+00:00","dateModified":"2023-03-28T13:42:38+00:00","breadcrumb":{"@id":"https:\/\/www.panistar.com\/nl\/produit\/suiker-torsade-vgr\/#breadcrumb"},"inLanguage":"nl-BE","potentialAction":[{"@type":"ReadAction","target":["https:\/\/www.panistar.com\/nl\/produit\/suiker-torsade-vgr\/"]}]},{"@type":"ImageObject","inLanguage":"nl-BE","@id":"https:\/\/www.panistar.com\/nl\/produit\/suiker-torsade-vgr\/#primaryimage","url":"https:\/\/www.panistar.com\/wp-content\/uploads\/2023\/03\/035-tortillon-sucre-beurre-scaled.jpg","contentUrl":"https:\/\/www.panistar.com\/wp-content\/uploads\/2023\/03\/035-tortillon-sucre-beurre-scaled.jpg","width":2560,"height":1707,"caption":"Tortillon sucre beurre, une p\u00e2tisserie croustillante et fondante au sucre et au beurre, id\u00e9ale pour accompagner votre caf\u00e9 ou votre th\u00e9."},{"@type":"BreadcrumbList","@id":"https:\/\/www.panistar.com\/nl\/produit\/suiker-torsade-vgr\/#breadcrumb","itemListElement":[{"@type":"ListItem","position":1,"name":"Accueil","item":"https:\/\/www.panistar.com\/nl\/"},{"@type":"ListItem","position":2,"name":"Onze producten","item":"https:\/\/www.panistar.com\/nl\/onze-producten\/"},{"@type":"ListItem","position":3,"name":"Suiker torsade VGR"}]},{"@type":"WebSite","@id":"https:\/\/www.panistar.com\/nl\/#website","url":"https:\/\/www.panistar.com\/nl\/","name":"Panistar","description":"","potentialAction":[{"@type":"SearchAction","target":{"@type":"EntryPoint","urlTemplate":"https:\/\/www.panistar.com\/nl\/?s={search_term_string}"},"query-input":{"@type":"PropertyValueSpecification","valueRequired":true,"valueName":"search_term_string"}}],"inLanguage":"nl-BE"}]}},"_links":{"self":[{"href":"https:\/\/www.panistar.com\/nl\/wp-json\/wp\/v2\/product\/1867","targetHints":{"allow":["GET"]}}],"collection":[{"href":"https:\/\/www.panistar.com\/nl\/wp-json\/wp\/v2\/product"}],"about":[{"href":"https:\/\/www.panistar.com\/nl\/wp-json\/wp\/v2\/types\/product"}],"wp:featuredmedia":[{"embeddable":true,"href":"https:\/\/www.panistar.com\/nl\/wp-json\/wp\/v2\/media\/1693"}],"wp:attachment":[{"href":"https:\/\/www.panistar.com\/nl\/wp-json\/wp\/v2\/media?parent=1867"}],"wp:term":[{"taxonomy":"product_brand","embeddable":true,"href":"https:\/\/www.panistar.com\/nl\/wp-json\/wp\/v2\/product_brand?post=1867"},{"taxonomy":"product_cat","embeddable":true,"href":"https:\/\/www.panistar.com\/nl\/wp-json\/wp\/v2\/product_cat?post=1867"},{"taxonomy":"product_tag","embeddable":true,"href":"https:\/\/www.panistar.com\/nl\/wp-json\/wp\/v2\/product_tag?post=1867"}],"curies":[{"name":"wp","href":"https:\/\/api.w.org\/{rel}","templated":true}]}}